{"id":70,"date":"2025-04-18T14:23:54","date_gmt":"2025-04-18T14:23:54","guid":{"rendered":"https:\/\/innovixia.fr\/?page_id=70"},"modified":"2026-01-15T08:05:13","modified_gmt":"2026-01-15T08:05:13","slug":"privacy-policy","status":"publish","type":"page","link":"https:\/\/innovixia.fr\/?page_id=70","title":{"rendered":"Privacy Policy"},"content":{"rendered":"\t\t<div data-elementor-type=\"wp-page\" data-elementor-id=\"70\" class=\"elementor elementor-70\" data-elementor-post-type=\"page\">\n\t\t\t\t<div class=\"elementor-element elementor-element-61fb23e e-flex e-con-boxed wpr-particle-no wpr-jarallax-no wpr-parallax-no wpr-sticky-section-no wpr-equal-height-no e-con e-parent\" data-id=\"61fb23e\" data-element_type=\"container\" data-settings=\"{&quot;background_background&quot;:&quot;classic&quot;}\">\n\t\t\t\t\t<div class=\"e-con-inner\">\n\t\t<div class=\"elementor-element elementor-element-6e4c962 e-con-full e-flex wpr-particle-no wpr-jarallax-no wpr-parallax-no wpr-sticky-section-no wpr-equal-height-no e-con e-child\" data-id=\"6e4c962\" data-element_type=\"container\">\n\t\t\t\t<div class=\"elementor-element elementor-element-f90492a elementor-widget elementor-widget-heading\" data-id=\"f90492a\" data-element_type=\"widget\" data-widget_type=\"heading.default\">\n\t\t\t\t<div class=\"elementor-widget-container\">\n\t\t\t\t\t<h2 class=\"elementor-heading-title elementor-size-default\">Politiq<span style=\"color:#B907CD\">ue de Co<\/span>nfidentialit\u00e9<\/h2>\t\t\t\t<\/div>\n\t\t\t\t<\/div>\n\t\t\t\t<\/div>\n\t\t\t\t\t<\/div>\n\t\t\t\t<\/div>\n\t\t<div class=\"elementor-element elementor-element-8156d99 e-flex e-con-boxed wpr-particle-no wpr-jarallax-no wpr-parallax-no wpr-sticky-section-no wpr-equal-height-no e-con e-parent\" data-id=\"8156d99\" data-element_type=\"container\">\n\t\t\t\t\t<div class=\"e-con-inner\">\n\t\t<div class=\"elementor-element elementor-element-8ba2454 e-con-full e-flex wpr-particle-no wpr-jarallax-no wpr-parallax-no wpr-sticky-section-no wpr-equal-height-no e-con e-child\" data-id=\"8ba2454\" data-element_type=\"container\">\n\t\t\t\t<div class=\"elementor-element elementor-element-89dcc60 elementor-widget elementor-widget-heading\" data-id=\"89dcc60\" data-element_type=\"widget\" data-widget_type=\"heading.default\">\n\t\t\t\t<div class=\"elementor-widget-container\">\n\t\t\t\t\t<h2 class=\"elementor-heading-title elementor-size-default\">Politique de confidentialit\u00e9<\/h2>\t\t\t\t<\/div>\n\t\t\t\t<\/div>\n\t\t\t\t<div class=\"elementor-element elementor-element-1778985 elementor-widget elementor-widget-text-editor\" data-id=\"1778985\" data-element_type=\"widget\" data-widget_type=\"text-editor.default\">\n\t\t\t\t<div class=\"elementor-widget-container\">\n\t\t\t\t\t\t\t\t\t<p>Chez InnovixIA, nous attachons une grande importance \u00e0 la protection de votre vie priv\u00e9e. Cette<br \/>politique de confidentialit\u00e9 explique comment nous collectons, utilisons et prot\u00e9geons vos<br \/>informations personnelles lorsque vous utilisez notre site web ou nos services.<\/p>\t\t\t\t\t\t\t\t<\/div>\n\t\t\t\t<\/div>\n\t\t\t\t<div class=\"elementor-element elementor-element-920d345 elementor-widget elementor-widget-text-editor\" data-id=\"920d345\" data-element_type=\"widget\" data-widget_type=\"text-editor.default\">\n\t\t\t\t<div class=\"elementor-widget-container\">\n\t\t\t\t\t\t\t\t\t<p>1. Informations Collect\u00e9es<br>Nous pouvons collecter les types d&rsquo;informations suivants :<br>Informations d&rsquo;identification personnelle : Nom, adresse e-mail, num\u00e9ro de t\u00e9l\u00e9phone et autres<br>d\u00e9tails que vous fournissez volontairement.<br>Donn\u00e9es d&rsquo;utilisation : Informations sur la mani\u00e8re dont vous interagissez avec notre site web, y<br>compris l&rsquo;adresse IP, le type de navigateur, les pages consult\u00e9es et le temps pass\u00e9 sur notre site.<br>Cookies et technologies de suivi : Nous utilisons des cookies pour am\u00e9liorer votre exp\u00e9rience<br>utilisateur. Vous pouvez g\u00e9rer vos pr\u00e9f\u00e9rences en mati\u00e8re de cookies via les param\u00e8tres de votre<br>navigateur<\/p>\n<p>2. Utilisation des Informations Collect\u00e9es<br>Nous utilisons les informations collect\u00e9es pour les finalit\u00e9s suivantes :<br>Fourniture et am\u00e9lioration de nos services : Adapter nos solutions \u00e0 vos besoins et optimiser<br>nos offres.<br>Communication : R\u00e9pondre \u00e0 vos demandes, envoyer des mises \u00e0 jour et des newsletters.<br>Analyse et optimisation : Analyser l&rsquo;utilisation de notre site afin d&rsquo;am\u00e9liorer l&rsquo;exp\u00e9rience<br>utilisateur. <\/p>\n<p>3. Partage et Divulgation des Donn\u00e9es<br>Nous ne vendons ni ne louons vos informations personnelles. Cependant, nous pouvons<br>partager vos donn\u00e9es avec des tiers dans les situations suivantes :<br>Fournisseurs de services : Partenaires de confiance qui nous aident \u00e0 exploiter notre site web et<br>nos services, sous r\u00e9serve d&rsquo;accords de confidentialit\u00e9 stricts.<br>Obligations l\u00e9gales : Lorsque la loi nous y oblige ou pour prot\u00e9ger nos droits et int\u00e9r\u00eats. <\/p>\n<p>4. S\u00e9curit\u00e9 des Donn\u00e9es<br>Nous mettons en place des mesures de s\u00e9curit\u00e9 appropri\u00e9es pour prot\u00e9ger vos donn\u00e9es contre<br>tout acc\u00e8s non autoris\u00e9, modification ou divulgation. Toutefois, aucune m\u00e9thode de<br>transmission sur Internet n&rsquo;est totalement s\u00e9curis\u00e9e. <\/p>\n<p>5. Vos Droits<br>Vous disposez des droits suivants concernant vos informations personnelles :<br>Acc\u00e9der \u00e0 vos donn\u00e9es.<br>Corriger ou mettre \u00e0 jour vos informations.<br>Demander la suppression de vos donn\u00e9es.<br>Pour exercer ces droits, veuillez nous contacter \u00e0 cedric@innovixia.fr<\/p>\n<p><\/p>\n<p>6. Modifications de la Politique de Confidentialit\u00e9<br>Nous pouvons modifier cette politique \u00e0 tout moment. Toute mise \u00e0 jour sera publi\u00e9e sur cette<br>page avec la date de r\u00e9vision.<\/p>\n<p><\/p>\n<p>7. Contact<br>Pour toute question relative \u00e0 cette politique de confidentialit\u00e9, vous pouvez nous contacter :<br>Email : cedric@innovixia.fr<\/p>\t\t\t\t\t\t\t\t<\/div>\n\t\t\t\t<\/div>\n\t\t\t\t<\/div>\n\t\t\t\t\t<\/div>\n\t\t\t\t<\/div>\n\t\t\t\t<\/div>\n\t\t","protected":false},"excerpt":{"rendered":"<p>Politique de Confidentialit\u00e9 Politique de confidentialit\u00e9 Chez InnovixIA, nous attachons une grande importance \u00e0 la protection de votre vie priv\u00e9e. Cettepolitique de confidentialit\u00e9 explique comment nous collectons, utilisons et prot\u00e9geons vosinformations personnelles lorsque vous utilisez notre site web ou nos services. 1. Informations Collect\u00e9esNous pouvons collecter les types d&rsquo;informations suivants :Informations d&rsquo;identification personnelle : Nom, adresse e-mail, num\u00e9ro de t\u00e9l\u00e9phone et autresd\u00e9tails que vous fournissez volontairement.Donn\u00e9es d&rsquo;utilisation : Informations sur la mani\u00e8re dont vous interagissez avec notre site web, ycompris l&rsquo;adresse IP, le type de navigateur, les pages consult\u00e9es et le temps pass\u00e9 sur notre site.Cookies et technologies de suivi : Nous utilisons des cookies pour am\u00e9liorer votre exp\u00e9rienceutilisateur. Vous pouvez g\u00e9rer vos pr\u00e9f\u00e9rences en mati\u00e8re de cookies via les param\u00e8tres de votrenavigateur 2. Utilisation des Informations Collect\u00e9esNous utilisons les informations collect\u00e9es pour les finalit\u00e9s suivantes :Fourniture et am\u00e9lioration de nos services : Adapter nos solutions \u00e0 vos besoins et optimisernos offres.Communication : R\u00e9pondre \u00e0 vos demandes, envoyer des mises \u00e0 jour et des newsletters.Analyse et optimisation : Analyser l&rsquo;utilisation de notre site afin d&rsquo;am\u00e9liorer l&rsquo;exp\u00e9rienceutilisateur. 3. Partage et Divulgation des Donn\u00e9esNous ne vendons ni ne louons vos informations personnelles. Cependant, nous pouvonspartager vos donn\u00e9es avec des tiers dans les situations suivantes :Fournisseurs de services : Partenaires de confiance qui nous aident \u00e0 exploiter notre site web etnos services, sous r\u00e9serve d&rsquo;accords de confidentialit\u00e9 stricts.Obligations l\u00e9gales : Lorsque la loi nous y oblige ou pour prot\u00e9ger nos droits et int\u00e9r\u00eats. 4. S\u00e9curit\u00e9 des Donn\u00e9esNous mettons en place des mesures de s\u00e9curit\u00e9 appropri\u00e9es pour prot\u00e9ger vos donn\u00e9es contretout acc\u00e8s non autoris\u00e9, modification ou divulgation. Toutefois, aucune m\u00e9thode detransmission sur Internet n&rsquo;est totalement s\u00e9curis\u00e9e. 5. Vos DroitsVous disposez des droits suivants concernant vos informations personnelles :Acc\u00e9der \u00e0 vos donn\u00e9es.Corriger ou mettre \u00e0 jour vos informations.Demander la suppression de vos donn\u00e9es.Pour exercer ces droits, veuillez nous contacter \u00e0 cedric@innovixia.fr 6. Modifications de la Politique de Confidentialit\u00e9Nous pouvons modifier cette politique \u00e0 tout moment. Toute mise \u00e0 jour sera publi\u00e9e sur cettepage avec la date de r\u00e9vision. 7. ContactPour toute question relative \u00e0 cette politique de confidentialit\u00e9, vous pouvez nous contacter :Email : cedric@innovixia.fr<\/p>\n","protected":false},"author":1,"featured_media":0,"parent":0,"menu_order":0,"comment_status":"closed","ping_status":"closed","template":"elementor_header_footer","meta":{"footnotes":""},"class_list":["post-70","page","type-page","status-publish","hentry"],"_links":{"self":[{"href":"https:\/\/innovixia.fr\/index.php?rest_route=\/wp\/v2\/pages\/70","targetHints":{"allow":["GET"]}}],"collection":[{"href":"https:\/\/innovixia.fr\/index.php?rest_route=\/wp\/v2\/pages"}],"about":[{"href":"https:\/\/innovixia.fr\/index.php?rest_route=\/wp\/v2\/types\/page"}],"author":[{"embeddable":true,"href":"https:\/\/innovixia.fr\/index.php?rest_route=\/wp\/v2\/users\/1"}],"replies":[{"embeddable":true,"href":"https:\/\/innovixia.fr\/index.php?rest_route=%2Fwp%2Fv2%2Fcomments&post=70"}],"version-history":[{"count":22,"href":"https:\/\/innovixia.fr\/index.php?rest_route=\/wp\/v2\/pages\/70\/revisions"}],"predecessor-version":[{"id":496,"href":"https:\/\/innovixia.fr\/index.php?rest_route=\/wp\/v2\/pages\/70\/revisions\/496"}],"wp:attachment":[{"href":"https:\/\/innovixia.fr\/index.php?rest_route=%2Fwp%2Fv2%2Fmedia&parent=70"}],"curies":[{"name":"wp","href":"https:\/\/api.w.org\/{rel}","templated":true}]}}